{"id":450,"date":"2023-05-10T17:27:50","date_gmt":"2023-05-10T15:27:50","guid":{"rendered":"https:\/\/xtime-event.de\/service\/?page_id=450"},"modified":"2023-05-10T17:33:38","modified_gmt":"2023-05-10T15:33:38","slug":"locationfinder","status":"publish","type":"page","link":"https:\/\/xtime-event.de\/service\/locationfinder\/","title":{"rendered":"Locationfinder"},"content":{"rendered":"\n<div class=\"guten-element guten-advanced-heading guten-UrHdKr\"><div class=\"heading-section outside-line\"><h2 class=\"heading-title\">Der perfekte Veranstaltungsort &#8211; <span class=\"heading-focus\">Nur f\u00fcr Sie<\/span><\/h2><\/div><span class=\"heading-subtitle\">Dieses Tool l\u00e4sst Sie einfach und unkompliziert durch ein paar Locations bl\u00e4ttern, die f\u00fcr Ihr Event in Betracht kommen k\u00f6nnten. Probieren Sie es aus.<\/span><div class=\"heading-line bottom\"><\/div><\/div>\n\n\n\n<div class=\"section-wrapper\" data-id=\"P7UTyH\"><section class=\"wp-block-gutenverse-section guten-element guten-section guten-P7UTyH layout-boxed align-stretch\"><div class=\"guten-background-overlay\"><\/div><div class=\"guten-shape-divider guten-shape-divider-top\"><\/div><div class=\"guten-shape-divider guten-shape-divider-bottom\"><\/div><div class=\"guten-container guten-column-gap-default\">\n<div class=\"wp-block-gutenverse-column guten-element guten-column guten-Sswz1M\"><div class=\"guten-background-overlay\"><\/div><div class=\"sticky-wrapper\" data-id=\"Sswz1M\"><div class=\"guten-column-wrapper\">\n<p>Bitte w\u00e4hlen Sie eine Veranstaltungskategorie und im Anschluss die Umgebung f\u00fcr Ihr Event aus.<\/p>\n\n\n\n<div class=\"guten-element gutenverse-text-editor guten-gZCHKR\"><div class=\"text-content-inner\"><\/div><\/div>\n\n\n\n<div class=\"guten-element guten-tabs guten-CBgj0G horizontal\"><div class=\"tab-heading\"><div class=\"tab-heading-item active\" id=\"Ryh5zY\" data-id=\"Ryh5zY\"><span>Ruhrgebiet<\/span><\/div><div class=\"tab-heading-item\" id=\"wPixtI\" data-id=\"wPixtI\"><span>S\u00fcdbayern<\/span><\/div><div class=\"tab-heading-item\" id=\"qcHgNm\" data-id=\"qcHgNm\"><span>Rheinland<\/span><\/div><\/div><div class=\"tab-heading-mobile\"><div class=\"tab-title\"><span>Ruhrgebiet<\/span><i class=\"tab-dropdown-icon fas\"><\/i><\/div><div class=\"tab-option\"><div data-id=\"Ryh5zY\" class=\"tab-option-item active\"><span>Ruhrgebiet<\/span><\/div><div data-id=\"wPixtI\" class=\"tab-option-item\"><span>S\u00fcdbayern<\/span><\/div><div data-id=\"qcHgNm\" class=\"tab-option-item\"><span>Rheinland<\/span><\/div><\/div><\/div><div class=\"tab-body\">\n<div class=\"Ryh5zY tab-body-item\" data-id=\"Ryh5zY\">\n<p>In der gr\u00f6\u00dften Metropolregion Deutschlands l\u00e4sst es sich leben. Hier ist f\u00fcr jeden Geschmack etwas dabei.<\/p>\n\n\n<div  class=\"gutenverse guten-postblock postblock-type-1 guten-pagination-disable break-point-tablet post-element guten-OUVcOz\"  data-id=\"guten-OUVcOz\" data-settings=\"{&quot;elementId&quot;:&quot;guten-OUVcOz&quot;,&quot;includeCategory&quot;:[{&quot;label&quot;:&quot;Locations&quot;,&quot;value&quot;:8}],&quot;includeTag&quot;:[{&quot;label&quot;:&quot;ruhrgebiet&quot;,&quot;value&quot;:12}],&quot;sortBy&quot;:&quot;alphabet_desc&quot;,&quot;categoryEnabled&quot;:false,&quot;excerptLength&quot;:&quot;33&quot;,&quot;readmoreText&quot;:&quot;WEITERE INFORMATIONEN&quot;,&quot;metaAuthorEnabled&quot;:false,&quot;metaDateEnabled&quot;:false,&quot;noContentText&quot;:&quot;Keine Location verf\\u00fcgbar&quot;,&quot;postItemMargin&quot;:{&quot;Desktop&quot;:[]},&quot;postItemPadding&quot;:{&quot;Desktop&quot;:[]},&quot;postItemBorder&quot;:{&quot;radius&quot;:{&quot;Desktop&quot;:[]}},&quot;inheritQuery&quot;:true,&quot;postType&quot;:&quot;post&quot;,&quot;numberPost&quot;:3,&quot;postOffset&quot;:0,&quot;column&quot;:[],&quot;excludeCurrentPost&quot;:false,&quot;includePost&quot;:[],&quot;excludePost&quot;:[],&quot;excludeCategory&quot;:[],&quot;includeAuthor&quot;:[],&quot;excludeTag&quot;:[],&quot;htmlTag&quot;:&quot;h3&quot;,&quot;categoryPosition&quot;:&quot;center&quot;,&quot;excerptEnabled&quot;:true,&quot;excerptMore&quot;:&quot;...&quot;,&quot;readmoreEnabled&quot;:true,&quot;readmoreIcon&quot;:&quot;fas fa-arrow-right&quot;,&quot;readmoreIconPosition&quot;:&quot;after&quot;,&quot;commentEnabled&quot;:false,&quot;commentIcon&quot;:&quot;fas fa-comment&quot;,&quot;commentIconPosition&quot;:&quot;before&quot;,&quot;metaEnabled&quot;:true,&quot;metaAuthorByText&quot;:&quot;by&quot;,&quot;metaAuthorIcon&quot;:&quot;fas fa-user&quot;,&quot;metaAuthorIconPosition&quot;:&quot;before&quot;,&quot;metaDateType&quot;:&quot;published&quot;,&quot;metaDateFormat&quot;:&quot;default&quot;,&quot;metaDateFormatCustom&quot;:&quot;&quot;,&quot;metaDateIcon&quot;:&quot;fas fa-clock&quot;,&quot;metaDateIconPosition&quot;:&quot;before&quot;,&quot;postblockType&quot;:&quot;type-1&quot;,&quot;breakpoint&quot;:&quot;tablet&quot;,&quot;paginationMode&quot;:&quot;disable&quot;,&quot;paginationLoadmoreText&quot;:&quot;Load More&quot;,&quot;paginationLoadingText&quot;:&quot;Loading...&quot;,&quot;paginationNumberPost&quot;:3,&quot;paginationScrollLimit&quot;:0,&quot;paginationIcon&quot;:&quot;&quot;,&quot;paginationIconType&quot;:&quot;icon&quot;,&quot;paginationIconSVG&quot;:&quot;&quot;,&quot;paginationIconPosition&quot;:&quot;before&quot;,&quot;background&quot;:[],&quot;backgroundHover&quot;:[],&quot;animation&quot;:[],&quot;paginationPrevNextText&quot;:true,&quot;paginationPrevText&quot;:&quot;Prev&quot;,&quot;paginationNextText&quot;:&quot;Next&quot;,&quot;paginationPrevIcon&quot;:&quot;fas fa-chevron-left&quot;,&quot;paginationPrevIconType&quot;:&quot;icon&quot;,&quot;paginationNextIcon&quot;:&quot;fas fa-chevron-right&quot;,&quot;paginationNextIconType&quot;:&quot;icon&quot;,&quot;contentOrder&quot;:[{&quot;label&quot;:&quot;Title&quot;,&quot;value&quot;:&quot;title&quot;},{&quot;label&quot;:&quot;Meta&quot;,&quot;value&quot;:&quot;meta&quot;},{&quot;label&quot;:&quot;Excerpt&quot;,&quot;value&quot;:&quot;excerpt&quot;},{&quot;label&quot;:&quot;Read More&quot;,&quot;value&quot;:&quot;read&quot;}],&quot;paginationLoadmoreAnimation&quot;:&quot;&quot;,&quot;paginationLoadmoreAnimationSequence&quot;:&quot;&quot;,&quot;paged&quot;:1,&quot;class&quot;:null}\"><div class=\"guten-block-container\">\n            <div class=\"guten-posts guten-ajax-flag\">\n            <article class=\"guten-post post-467 post type-post status-publish format-standard has-post-thumbnail hentry category-locations tag-geburtstagslocation tag-hochzeitslocation tag-ruhrgebiet\">\n                    <div class=\"guten-thumb\"><a aria-label=\"Haus Wienke in Dortmund\" href=\"javascript:void(0);\" data-href=\"https:\/\/xtime-event.de\/service\/2023\/05\/10\/haus-wienke\/\"><div class=\"thumbnail-container \">\n            <img fetchpriority=\"high\" decoding=\"async\" loading=\"eager\"  width=\"1500\" height=\"1125\" src=\"https:\/\/xtime-event.de\/service\/wp-content\/uploads\/2023\/02\/architecture-structure-building-stone-travel-religion-1048044-pxhere.com_.webp\" class=\"attachment-full size-full wp-post-image\" alt=\"\" srcset=\"https:\/\/xtime-event.de\/service\/wp-content\/uploads\/2023\/02\/architecture-structure-building-stone-travel-religion-1048044-pxhere.com_.webp 1500w, https:\/\/xtime-event.de\/service\/wp-content\/uploads\/2023\/02\/architecture-structure-building-stone-travel-religion-1048044-pxhere.com_-300x225.webp 300w, https:\/\/xtime-event.de\/service\/wp-content\/uploads\/2023\/02\/architecture-structure-building-stone-travel-religion-1048044-pxhere.com_-1024x768.webp 1024w, https:\/\/xtime-event.de\/service\/wp-content\/uploads\/2023\/02\/architecture-structure-building-stone-travel-religion-1048044-pxhere.com_-768x576.webp 768w\" sizes=\"(max-width: 1500px) 100vw, 1500px\" \/>\n\t\t\t<div class=\"guten-overlay\"><\/div>\n        <\/div><\/a><\/div>\n                    <div class=\"guten-postblock-content\"><h3 class=\"guten-post-title\">\n\t\t\t\t\t\t\t<a aria-label=\"Haus Wienke in Dortmund\" href=\"javascript:void(0);\" data-href=\"https:\/\/xtime-event.de\/service\/2023\/05\/10\/haus-wienke\/\">Haus Wienke in Dortmund<\/a>\n\t\t\t\t\t\t<\/h3><div class=\"guten-post-meta\"><\/div><div class=\"guten-post-excerpt\"><p>Sie suchen einen passenden Ort f\u00fcr Ihre Feier, f\u00fcr Ihr Seminar oder sonstige Veranstaltung? Dann sind Sie bei Haus Wienke in den flexiblen R\u00e4umlichkeiten in gem\u00fctlicher Atmosph\u00e4re goldrichtig. Der Saal mit dem direkt&#8230;<\/p><\/div><div class=\"guten-post-meta-bottom\">\n\t\t\t\t\t\t\t<div class=\"guten-meta-readmore icon-position-after\">\n\t\t\t\t<a aria-label=\"Read more about Haus Wienke in Dortmund\" href=\"javascript:void(0);\" data-href=\"https:\/\/xtime-event.de\/service\/2023\/05\/10\/haus-wienke\/\" class=\"guten-readmore\">WEITERE INFORMATIONEN<i aria-hidden=\"true\" class=\"fas fa-arrow-right\"><\/i><span class=\"screen-reader-text\"> about Haus Wienke in Dortmund<\/span><\/a>\n\t\t\t<\/div>\n\t\t\t\t\t\t<\/div><\/div>\n                <\/article>\n        <\/div>\n        <\/div><\/div><\/div>\n\n\n\n<div class=\"wPixtI tab-body-item\" data-id=\"wPixtI\">\n<p>Das Zentrum von Bayern \u2013 mit wundersch\u00f6nen Landschaften und der Landeshauptstadt ein sch\u00f6ner Ort f\u00fcr Ihr Event.<\/p>\n\n\n<div  class=\"gutenverse guten-postblock postblock-type-1 guten-pagination-disable break-point-tablet post-element guten-ChxtXr\"  data-id=\"guten-ChxtXr\" data-settings=\"{&quot;elementId&quot;:&quot;guten-ChxtXr&quot;,&quot;includeCategory&quot;:[{&quot;label&quot;:&quot;Locations&quot;,&quot;value&quot;:8}],&quot;includeTag&quot;:[{&quot;label&quot;:&quot;s\\u00fcdbayern&quot;,&quot;value&quot;:13}],&quot;sortBy&quot;:&quot;alphabet_desc&quot;,&quot;categoryEnabled&quot;:false,&quot;excerptLength&quot;:&quot;33&quot;,&quot;readmoreText&quot;:&quot;WEITERE INFORMATIONEN&quot;,&quot;metaAuthorEnabled&quot;:false,&quot;metaDateEnabled&quot;:false,&quot;noContentText&quot;:&quot;Keine Location verf\\u00fcgbar&quot;,&quot;postItemMargin&quot;:{&quot;Desktop&quot;:[]},&quot;postItemPadding&quot;:{&quot;Desktop&quot;:[]},&quot;postItemBorder&quot;:{&quot;radius&quot;:{&quot;Desktop&quot;:[]}},&quot;inheritQuery&quot;:true,&quot;postType&quot;:&quot;post&quot;,&quot;numberPost&quot;:3,&quot;postOffset&quot;:0,&quot;column&quot;:[],&quot;excludeCurrentPost&quot;:false,&quot;includePost&quot;:[],&quot;excludePost&quot;:[],&quot;excludeCategory&quot;:[],&quot;includeAuthor&quot;:[],&quot;excludeTag&quot;:[],&quot;htmlTag&quot;:&quot;h3&quot;,&quot;categoryPosition&quot;:&quot;center&quot;,&quot;excerptEnabled&quot;:true,&quot;excerptMore&quot;:&quot;...&quot;,&quot;readmoreEnabled&quot;:true,&quot;readmoreIcon&quot;:&quot;fas fa-arrow-right&quot;,&quot;readmoreIconPosition&quot;:&quot;after&quot;,&quot;commentEnabled&quot;:false,&quot;commentIcon&quot;:&quot;fas fa-comment&quot;,&quot;commentIconPosition&quot;:&quot;before&quot;,&quot;metaEnabled&quot;:true,&quot;metaAuthorByText&quot;:&quot;by&quot;,&quot;metaAuthorIcon&quot;:&quot;fas fa-user&quot;,&quot;metaAuthorIconPosition&quot;:&quot;before&quot;,&quot;metaDateType&quot;:&quot;published&quot;,&quot;metaDateFormat&quot;:&quot;default&quot;,&quot;metaDateFormatCustom&quot;:&quot;&quot;,&quot;metaDateIcon&quot;:&quot;fas fa-clock&quot;,&quot;metaDateIconPosition&quot;:&quot;before&quot;,&quot;postblockType&quot;:&quot;type-1&quot;,&quot;breakpoint&quot;:&quot;tablet&quot;,&quot;paginationMode&quot;:&quot;disable&quot;,&quot;paginationLoadmoreText&quot;:&quot;Load More&quot;,&quot;paginationLoadingText&quot;:&quot;Loading...&quot;,&quot;paginationNumberPost&quot;:3,&quot;paginationScrollLimit&quot;:0,&quot;paginationIcon&quot;:&quot;&quot;,&quot;paginationIconType&quot;:&quot;icon&quot;,&quot;paginationIconSVG&quot;:&quot;&quot;,&quot;paginationIconPosition&quot;:&quot;before&quot;,&quot;background&quot;:[],&quot;backgroundHover&quot;:[],&quot;animation&quot;:[],&quot;paginationPrevNextText&quot;:true,&quot;paginationPrevText&quot;:&quot;Prev&quot;,&quot;paginationNextText&quot;:&quot;Next&quot;,&quot;paginationPrevIcon&quot;:&quot;fas fa-chevron-left&quot;,&quot;paginationPrevIconType&quot;:&quot;icon&quot;,&quot;paginationNextIcon&quot;:&quot;fas fa-chevron-right&quot;,&quot;paginationNextIconType&quot;:&quot;icon&quot;,&quot;contentOrder&quot;:[{&quot;label&quot;:&quot;Title&quot;,&quot;value&quot;:&quot;title&quot;},{&quot;label&quot;:&quot;Meta&quot;,&quot;value&quot;:&quot;meta&quot;},{&quot;label&quot;:&quot;Excerpt&quot;,&quot;value&quot;:&quot;excerpt&quot;},{&quot;label&quot;:&quot;Read More&quot;,&quot;value&quot;:&quot;read&quot;}],&quot;paginationLoadmoreAnimation&quot;:&quot;&quot;,&quot;paginationLoadmoreAnimationSequence&quot;:&quot;&quot;,&quot;paged&quot;:1,&quot;class&quot;:null}\"><div class=\"guten-block-container\">\n            <div class=\"guten-posts guten-ajax-flag\">\n            <article class=\"guten-post post-476 post type-post status-publish format-standard hentry category-locations tag-hochzeitslocation tag-suedbayern\">\n                    <div class=\"guten-thumb\"><a aria-label=\"Grafenstadl, nahe M\u00fcnchen\" href=\"javascript:void(0);\" data-href=\"https:\/\/xtime-event.de\/service\/2023\/05\/10\/grafenstadl\/\"><div class=\"thumbnail-container no_thumbnail\">\n            \n\t\t\t<div class=\"guten-overlay\"><\/div>\n        <\/div><\/a><\/div>\n                    <div class=\"guten-postblock-content\"><h3 class=\"guten-post-title\">\n\t\t\t\t\t\t\t<a aria-label=\"Grafenstadl, nahe M\u00fcnchen\" href=\"javascript:void(0);\" data-href=\"https:\/\/xtime-event.de\/service\/2023\/05\/10\/grafenstadl\/\">Grafenstadl, nahe M\u00fcnchen<\/a>\n\t\t\t\t\t\t<\/h3><div class=\"guten-post-meta\"><\/div><div class=\"guten-post-excerpt\"><p>Erleben Sie Ihr Event in unserer wundersch\u00f6nen Location \u2013 dem GRAFENSTADL, ein Kleinod im Dreist\u00e4dteeck M\u00fcnchen, Augsburg und Ingolstadt, im Herzen des Landkreis Dachaus (nahe Pfaffenhofen an der Ilm \/ Aichach \/ Petershausen)Der&#8230;<\/p><\/div><div class=\"guten-post-meta-bottom\">\n\t\t\t\t\t\t\t<div class=\"guten-meta-readmore icon-position-after\">\n\t\t\t\t<a aria-label=\"Read more about Grafenstadl, nahe M\u00fcnchen\" href=\"javascript:void(0);\" data-href=\"https:\/\/xtime-event.de\/service\/2023\/05\/10\/grafenstadl\/\" class=\"guten-readmore\">WEITERE INFORMATIONEN<i aria-hidden=\"true\" class=\"fas fa-arrow-right\"><\/i><span class=\"screen-reader-text\"> about Grafenstadl, nahe M\u00fcnchen<\/span><\/a>\n\t\t\t<\/div>\n\t\t\t\t\t\t<\/div><\/div>\n                <\/article>\n        <\/div>\n        <\/div><\/div><\/div>\n\n\n\n<div class=\"qcHgNm tab-body-item\" data-id=\"qcHgNm\">\n<p>Die ehemalige preu\u00dfische Rheinprovinz bietet viele M\u00f6glichkeiten zum Feiern \u2013 nicht nur beim K\u00f6lner Karneval.<\/p>\n<\/div>\n<\/div><\/div>\n<\/div><\/div><\/div>\n<\/div><\/section><\/div>\n","protected":false},"excerpt":{"rendered":"","protected":false},"author":1,"featured_media":0,"parent":0,"menu_order":0,"comment_status":"closed","ping_status":"closed","template":"","meta":{"_eb_attr":"","footnotes":""},"class_list":["post-450","page","type-page","status-publish","hentry"],"yoast_head":"<!-- This site is optimized with the Yoast SEO plugin v25.6 - https:\/\/yoast.com\/wordpress\/plugins\/seo\/ -->\n<title>Locationfinder -<\/title>\n<meta name=\"robots\" content=\"index, follow, max-snippet:-1, max-image-preview:large, max-video-preview:-1\" \/>\n<link rel=\"canonical\" href=\"https:\/\/xtime-event.de\/service\/locationfinder\/\" \/>\n<meta property=\"og:locale\" content=\"de_DE\" \/>\n<meta property=\"og:type\" content=\"article\" \/>\n<meta property=\"og:title\" content=\"Locationfinder -\" \/>\n<meta property=\"og:url\" content=\"https:\/\/xtime-event.de\/service\/locationfinder\/\" \/>\n<meta property=\"article:publisher\" content=\"https:\/\/www.facebook.com\/xtimeevent22\" \/>\n<meta property=\"article:modified_time\" content=\"2023-05-10T15:33:38+00:00\" \/>\n<meta name=\"twitter:card\" content=\"summary_large_image\" \/>\n<meta name=\"twitter:label1\" content=\"Gesch\u00e4tzte Lesezeit\" \/>\n\t<meta name=\"twitter:data1\" content=\"1\u00a0Minute\" \/>\n<script type=\"application\/ld+json\" class=\"yoast-schema-graph\">{\"@context\":\"https:\/\/schema.org\",\"@graph\":[{\"@type\":\"WebPage\",\"@id\":\"https:\/\/xtime-event.de\/service\/locationfinder\/\",\"url\":\"https:\/\/xtime-event.de\/service\/locationfinder\/\",\"name\":\"Locationfinder -\",\"isPartOf\":{\"@id\":\"https:\/\/xtime-event.de\/service\/#website\"},\"datePublished\":\"2023-05-10T15:27:50+00:00\",\"dateModified\":\"2023-05-10T15:33:38+00:00\",\"breadcrumb\":{\"@id\":\"https:\/\/xtime-event.de\/service\/locationfinder\/#breadcrumb\"},\"inLanguage\":\"de\",\"potentialAction\":[{\"@type\":\"ReadAction\",\"target\":[\"https:\/\/xtime-event.de\/service\/locationfinder\/\"]}]},{\"@type\":\"BreadcrumbList\",\"@id\":\"https:\/\/xtime-event.de\/service\/locationfinder\/#breadcrumb\",\"itemListElement\":[{\"@type\":\"ListItem\",\"position\":1,\"name\":\"Startseite\",\"item\":\"https:\/\/xtime-event.de\/service\/\"},{\"@type\":\"ListItem\",\"position\":2,\"name\":\"Locationfinder\"}]},{\"@type\":\"WebSite\",\"@id\":\"https:\/\/xtime-event.de\/service\/#website\",\"url\":\"https:\/\/xtime-event.de\/service\/\",\"name\":\"X-Time Eventservice\",\"description\":\"Sie feiern, wir liefern!\",\"publisher\":{\"@id\":\"https:\/\/xtime-event.de\/service\/#organization\"},\"potentialAction\":[{\"@type\":\"SearchAction\",\"target\":{\"@type\":\"EntryPoint\",\"urlTemplate\":\"https:\/\/xtime-event.de\/service\/?s={search_term_string}\"},\"query-input\":{\"@type\":\"PropertyValueSpecification\",\"valueRequired\":true,\"valueName\":\"search_term_string\"}}],\"inLanguage\":\"de\"},{\"@type\":\"Organization\",\"@id\":\"https:\/\/xtime-event.de\/service\/#organization\",\"name\":\"X-Time Eventservice\",\"url\":\"https:\/\/xtime-event.de\/service\/\",\"logo\":{\"@type\":\"ImageObject\",\"inLanguage\":\"de\",\"@id\":\"https:\/\/xtime-event.de\/service\/#\/schema\/logo\/image\/\",\"url\":\"https:\/\/xtime-event.de\/service\/wp-content\/uploads\/2023\/02\/IconV1.png\",\"contentUrl\":\"https:\/\/xtime-event.de\/service\/wp-content\/uploads\/2023\/02\/IconV1.png\",\"width\":64,\"height\":64,\"caption\":\"X-Time Eventservice\"},\"image\":{\"@id\":\"https:\/\/xtime-event.de\/service\/#\/schema\/logo\/image\/\"},\"sameAs\":[\"https:\/\/www.facebook.com\/xtimeevent22\"]}]}<\/script>\n<!-- \/ Yoast SEO plugin. -->","yoast_head_json":{"title":"Locationfinder -","robots":{"index":"index","follow":"follow","max-snippet":"max-snippet:-1","max-image-preview":"max-image-preview:large","max-video-preview":"max-video-preview:-1"},"canonical":"https:\/\/xtime-event.de\/service\/locationfinder\/","og_locale":"de_DE","og_type":"article","og_title":"Locationfinder -","og_url":"https:\/\/xtime-event.de\/service\/locationfinder\/","article_publisher":"https:\/\/www.facebook.com\/xtimeevent22","article_modified_time":"2023-05-10T15:33:38+00:00","twitter_card":"summary_large_image","twitter_misc":{"Gesch\u00e4tzte Lesezeit":"1\u00a0Minute"},"schema":{"@context":"https:\/\/schema.org","@graph":[{"@type":"WebPage","@id":"https:\/\/xtime-event.de\/service\/locationfinder\/","url":"https:\/\/xtime-event.de\/service\/locationfinder\/","name":"Locationfinder -","isPartOf":{"@id":"https:\/\/xtime-event.de\/service\/#website"},"datePublished":"2023-05-10T15:27:50+00:00","dateModified":"2023-05-10T15:33:38+00:00","breadcrumb":{"@id":"https:\/\/xtime-event.de\/service\/locationfinder\/#breadcrumb"},"inLanguage":"de","potentialAction":[{"@type":"ReadAction","target":["https:\/\/xtime-event.de\/service\/locationfinder\/"]}]},{"@type":"BreadcrumbList","@id":"https:\/\/xtime-event.de\/service\/locationfinder\/#breadcrumb","itemListElement":[{"@type":"ListItem","position":1,"name":"Startseite","item":"https:\/\/xtime-event.de\/service\/"},{"@type":"ListItem","position":2,"name":"Locationfinder"}]},{"@type":"WebSite","@id":"https:\/\/xtime-event.de\/service\/#website","url":"https:\/\/xtime-event.de\/service\/","name":"X-Time Eventservice","description":"Sie feiern, wir liefern!","publisher":{"@id":"https:\/\/xtime-event.de\/service\/#organization"},"potentialAction":[{"@type":"SearchAction","target":{"@type":"EntryPoint","urlTemplate":"https:\/\/xtime-event.de\/service\/?s={search_term_string}"},"query-input":{"@type":"PropertyValueSpecification","valueRequired":true,"valueName":"search_term_string"}}],"inLanguage":"de"},{"@type":"Organization","@id":"https:\/\/xtime-event.de\/service\/#organization","name":"X-Time Eventservice","url":"https:\/\/xtime-event.de\/service\/","logo":{"@type":"ImageObject","inLanguage":"de","@id":"https:\/\/xtime-event.de\/service\/#\/schema\/logo\/image\/","url":"https:\/\/xtime-event.de\/service\/wp-content\/uploads\/2023\/02\/IconV1.png","contentUrl":"https:\/\/xtime-event.de\/service\/wp-content\/uploads\/2023\/02\/IconV1.png","width":64,"height":64,"caption":"X-Time Eventservice"},"image":{"@id":"https:\/\/xtime-event.de\/service\/#\/schema\/logo\/image\/"},"sameAs":["https:\/\/www.facebook.com\/xtimeevent22"]}]}},"_links":{"self":[{"href":"https:\/\/xtime-event.de\/service\/wp-json\/wp\/v2\/pages\/450"}],"collection":[{"href":"https:\/\/xtime-event.de\/service\/wp-json\/wp\/v2\/pages"}],"about":[{"href":"https:\/\/xtime-event.de\/service\/wp-json\/wp\/v2\/types\/page"}],"author":[{"embeddable":true,"href":"https:\/\/xtime-event.de\/service\/wp-json\/wp\/v2\/users\/1"}],"replies":[{"embeddable":true,"href":"https:\/\/xtime-event.de\/service\/wp-json\/wp\/v2\/comments?post=450"}],"version-history":[{"count":25,"href":"https:\/\/xtime-event.de\/service\/wp-json\/wp\/v2\/pages\/450\/revisions"}],"predecessor-version":[{"id":484,"href":"https:\/\/xtime-event.de\/service\/wp-json\/wp\/v2\/pages\/450\/revisions\/484"}],"wp:attachment":[{"href":"https:\/\/xtime-event.de\/service\/wp-json\/wp\/v2\/media?parent=450"}],"curies":[{"name":"wp","href":"https:\/\/api.w.org\/{rel}","templated":true}]}}